{"id":41,"date":"2020-11-12T12:52:06","date_gmt":"2020-11-12T11:52:06","guid":{"rendered":"http:\/\/ecolesainteanne-baud.com\/?page_id=41"},"modified":"2026-04-13T13:58:30","modified_gmt":"2026-04-13T11:58:30","slug":"accueil","status":"publish","type":"page","link":"https:\/\/ecolesainteanne-baud.com\/","title":{"rendered":"Accueil &#8211; Bienvenue"},"content":{"rendered":"\n<p class=\"has-black-color has-text-color has-medium-font-size\">Bienvenue sur le site de l&rsquo;\u00e9cole  Sainte Anne de Baud !<\/p>\n\n\n\n<h2 class=\"wp-block-heading has-text-align-center has-large-font-size\">Vive le Carnaval !!!<\/h2>\n\n\n\n<figure class=\"wp-block-gallery has-nested-images columns-default is-cropped wp-block-gallery-1 is-layout-flex wp-block-gallery-is-layout-flex\">\n<figure class=\"wp-block-image size-large\"><img loading=\"lazy\" decoding=\"async\" width=\"1024\" height=\"576\" data-id=\"3670\" src=\"https:\/\/ecolesainteanne-baud.com\/wp-content\/uploads\/2026\/04\/IMG-20260413-WA0019-1024x576.jpg\" alt=\"\" class=\"wp-image-3670\" srcset=\"https:\/\/ecolesainteanne-baud.com\/wp-content\/uploads\/2026\/04\/IMG-20260413-WA0019-1024x576.jpg 1024w, https:\/\/ecolesainteanne-baud.com\/wp-content\/uploads\/2026\/04\/IMG-20260413-WA0019-300x169.jpg 300w, https:\/\/ecolesainteanne-baud.com\/wp-content\/uploads\/2026\/04\/IMG-20260413-WA0019-768x432.jpg 768w, https:\/\/ecolesainteanne-baud.com\/wp-content\/uploads\/2026\/04\/IMG-20260413-WA0019-1536x864.jpg 1536w, https:\/\/ecolesainteanne-baud.com\/wp-content\/uploads\/2026\/04\/IMG-20260413-WA0019.jpg 2000w\" sizes=\"auto, (max-width: 1024px) 100vw, 1024px\" \/><\/figure>\n\n\n\n<figure class=\"wp-block-image size-large\"><img loading=\"lazy\" decoding=\"async\" width=\"1024\" height=\"576\" data-id=\"3669\" src=\"https:\/\/ecolesainteanne-baud.com\/wp-content\/uploads\/2026\/04\/IMG-20260413-WA0018-1024x576.jpg\" alt=\"\" class=\"wp-image-3669\" srcset=\"https:\/\/ecolesainteanne-baud.com\/wp-content\/uploads\/2026\/04\/IMG-20260413-WA0018-1024x576.jpg 1024w, https:\/\/ecolesainteanne-baud.com\/wp-content\/uploads\/2026\/04\/IMG-20260413-WA0018-300x169.jpg 300w, https:\/\/ecolesainteanne-baud.com\/wp-content\/uploads\/2026\/04\/IMG-20260413-WA0018-768x432.jpg 768w, https:\/\/ecolesainteanne-baud.com\/wp-content\/uploads\/2026\/04\/IMG-20260413-WA0018-1536x864.jpg 1536w, https:\/\/ecolesainteanne-baud.com\/wp-content\/uploads\/2026\/04\/IMG-20260413-WA0018.jpg 2000w\" sizes=\"auto, (max-width: 1024px) 100vw, 1024px\" \/><\/figure>\n<\/figure>\n\n\n\n<figure class=\"wp-block-gallery has-nested-images columns-default is-cropped wp-block-gallery-2 is-layout-flex wp-block-gallery-is-layout-flex\">\n<figure class=\"wp-block-image size-large\"><img loading=\"lazy\" decoding=\"async\" width=\"1024\" height=\"768\" data-id=\"3668\" src=\"https:\/\/ecolesainteanne-baud.com\/wp-content\/uploads\/2026\/04\/IMG-20260413-WA0017-1024x768.jpg\" alt=\"\" class=\"wp-image-3668\" srcset=\"https:\/\/ecolesainteanne-baud.com\/wp-content\/uploads\/2026\/04\/IMG-20260413-WA0017-1024x768.jpg 1024w, https:\/\/ecolesainteanne-baud.com\/wp-content\/uploads\/2026\/04\/IMG-20260413-WA0017-300x225.jpg 300w, https:\/\/ecolesainteanne-baud.com\/wp-content\/uploads\/2026\/04\/IMG-20260413-WA0017-768x576.jpg 768w, https:\/\/ecolesainteanne-baud.com\/wp-content\/uploads\/2026\/04\/IMG-20260413-WA0017-1536x1152.jpg 1536w, https:\/\/ecolesainteanne-baud.com\/wp-content\/uploads\/2026\/04\/IMG-20260413-WA0017.jpg 1600w\" sizes=\"auto, (max-width: 1024px) 100vw, 1024px\" \/><\/figure>\n\n\n\n<figure class=\"wp-block-image size-large\"><img loading=\"lazy\" decoding=\"async\" width=\"1024\" height=\"769\" data-id=\"3666\" src=\"https:\/\/ecolesainteanne-baud.com\/wp-content\/uploads\/2026\/04\/IMG_20260410_145510-1024x769.jpg\" alt=\"\" class=\"wp-image-3666\" srcset=\"https:\/\/ecolesainteanne-baud.com\/wp-content\/uploads\/2026\/04\/IMG_20260410_145510-1024x769.jpg 1024w, https:\/\/ecolesainteanne-baud.com\/wp-content\/uploads\/2026\/04\/IMG_20260410_145510-300x225.jpg 300w, https:\/\/ecolesainteanne-baud.com\/wp-content\/uploads\/2026\/04\/IMG_20260410_145510-768x577.jpg 768w, https:\/\/ecolesainteanne-baud.com\/wp-content\/uploads\/2026\/04\/IMG_20260410_145510-1536x1153.jpg 1536w, https:\/\/ecolesainteanne-baud.com\/wp-content\/uploads\/2026\/04\/IMG_20260410_145510-2048x1538.jpg 2048w\" sizes=\"auto, (max-width: 1024px) 100vw, 1024px\" \/><\/figure>\n<\/figure>\n\n\n\n<figure class=\"wp-block-image size-large\"><img loading=\"lazy\" decoding=\"async\" width=\"1024\" height=\"471\" src=\"https:\/\/ecolesainteanne-baud.com\/wp-content\/uploads\/2026\/04\/IMG-20260410-WA0001114-1024x471.jpg\" alt=\"\" class=\"wp-image-3667\" srcset=\"https:\/\/ecolesainteanne-baud.com\/wp-content\/uploads\/2026\/04\/IMG-20260410-WA0001114-1024x471.jpg 1024w, https:\/\/ecolesainteanne-baud.com\/wp-content\/uploads\/2026\/04\/IMG-20260410-WA0001114-300x138.jpg 300w, https:\/\/ecolesainteanne-baud.com\/wp-content\/uploads\/2026\/04\/IMG-20260410-WA0001114-768x354.jpg 768w, https:\/\/ecolesainteanne-baud.com\/wp-content\/uploads\/2026\/04\/IMG-20260410-WA0001114.jpg 1516w\" sizes=\"auto, (max-width: 1024px) 100vw, 1024px\" \/><\/figure>\n\n\n<div class=\"wp-block-image\">\n<figure class=\"aligncenter size-large\"><img loading=\"lazy\" decoding=\"async\" width=\"724\" height=\"1024\" src=\"https:\/\/ecolesainteanne-baud.com\/wp-content\/uploads\/2026\/04\/Affiche-Carnaval-2026-724x1024.jpg\" alt=\"\" class=\"wp-image-3663\" srcset=\"https:\/\/ecolesainteanne-baud.com\/wp-content\/uploads\/2026\/04\/Affiche-Carnaval-2026-724x1024.jpg 724w, https:\/\/ecolesainteanne-baud.com\/wp-content\/uploads\/2026\/04\/Affiche-Carnaval-2026-212x300.jpg 212w, https:\/\/ecolesainteanne-baud.com\/wp-content\/uploads\/2026\/04\/Affiche-Carnaval-2026-768x1086.jpg 768w, https:\/\/ecolesainteanne-baud.com\/wp-content\/uploads\/2026\/04\/Affiche-Carnaval-2026-1086x1536.jpg 1086w, https:\/\/ecolesainteanne-baud.com\/wp-content\/uploads\/2026\/04\/Affiche-Carnaval-2026-1448x2048.jpg 1448w, https:\/\/ecolesainteanne-baud.com\/wp-content\/uploads\/2026\/04\/Affiche-Carnaval-2026.jpg 1587w\" sizes=\"auto, (max-width: 724px) 100vw, 724px\" \/><\/figure>\n<\/div>\n\n\n<h2 class=\"wp-block-heading has-text-align-center\">PORTES OUVERTES &#8211; Vendredi 3 avril 2026 de 16h45 \u00e0 19h<\/h2>\n\n\n<div class=\"wp-block-image\">\n<figure class=\"aligncenter size-large\"><img loading=\"lazy\" decoding=\"async\" width=\"724\" height=\"1024\" src=\"https:\/\/ecolesainteanne-baud.com\/wp-content\/uploads\/2026\/03\/Affiche-Portes-Ouvertes-2026-724x1024.jpg\" alt=\"\" class=\"wp-image-3616\" srcset=\"https:\/\/ecolesainteanne-baud.com\/wp-content\/uploads\/2026\/03\/Affiche-Portes-Ouvertes-2026-724x1024.jpg 724w, https:\/\/ecolesainteanne-baud.com\/wp-content\/uploads\/2026\/03\/Affiche-Portes-Ouvertes-2026-212x300.jpg 212w, https:\/\/ecolesainteanne-baud.com\/wp-content\/uploads\/2026\/03\/Affiche-Portes-Ouvertes-2026-768x1086.jpg 768w, https:\/\/ecolesainteanne-baud.com\/wp-content\/uploads\/2026\/03\/Affiche-Portes-Ouvertes-2026-1086x1536.jpg 1086w, https:\/\/ecolesainteanne-baud.com\/wp-content\/uploads\/2026\/03\/Affiche-Portes-Ouvertes-2026-1448x2048.jpg 1448w, https:\/\/ecolesainteanne-baud.com\/wp-content\/uploads\/2026\/03\/Affiche-Portes-Ouvertes-2026.jpg 1653w\" sizes=\"auto, (max-width: 724px) 100vw, 724px\" \/><\/figure>\n<\/div>\n\n\n<p class=\"has-text-align-center has-black-color has-text-color has-link-color has-large-font-size wp-elements-d0153e58666dba20f5006a650e9163c3\"><strong>Semaine de ski \u00e0 Manigod pour les CM1 et CM2<\/strong><\/p>\n\n\n\n<p class=\"has-text-align-center has-black-color has-text-color has-link-color has-large-font-size wp-elements-8f27c1da1f9e4cce118a8bc5e0bf8730\">du 22 au 28 mars 2026<\/p>\n\n\n\n<figure class=\"wp-block-image size-large\"><img loading=\"lazy\" decoding=\"async\" width=\"1024\" height=\"619\" src=\"https:\/\/ecolesainteanne-baud.com\/wp-content\/uploads\/2026\/03\/neige-1024x619.jpg\" alt=\"\" class=\"wp-image-3626\" srcset=\"https:\/\/ecolesainteanne-baud.com\/wp-content\/uploads\/2026\/03\/neige-1024x619.jpg 1024w, https:\/\/ecolesainteanne-baud.com\/wp-content\/uploads\/2026\/03\/neige-300x181.jpg 300w, https:\/\/ecolesainteanne-baud.com\/wp-content\/uploads\/2026\/03\/neige-768x464.jpg 768w, https:\/\/ecolesainteanne-baud.com\/wp-content\/uploads\/2026\/03\/neige-1536x928.jpg 1536w, https:\/\/ecolesainteanne-baud.com\/wp-content\/uploads\/2026\/03\/neige.jpg 1600w\" sizes=\"auto, (max-width: 1024px) 100vw, 1024px\" \/><\/figure>\n\n\n\n<p class=\"has-text-align-center has-black-color has-text-color has-link-color has-x-large-font-size wp-elements-82c67e4d2eda827a52c830758ca94318\"><strong>La semaine du jardinage<\/strong><\/p>\n\n\n\n<figure class=\"wp-block-image size-large\"><img loading=\"lazy\" decoding=\"async\" width=\"1024\" height=\"768\" src=\"https:\/\/ecolesainteanne-baud.com\/wp-content\/uploads\/2026\/03\/IMG-20260322-WA0001-1024x768.jpg\" alt=\"\" class=\"wp-image-3621\" srcset=\"https:\/\/ecolesainteanne-baud.com\/wp-content\/uploads\/2026\/03\/IMG-20260322-WA0001-1024x768.jpg 1024w, https:\/\/ecolesainteanne-baud.com\/wp-content\/uploads\/2026\/03\/IMG-20260322-WA0001-300x225.jpg 300w, https:\/\/ecolesainteanne-baud.com\/wp-content\/uploads\/2026\/03\/IMG-20260322-WA0001-768x576.jpg 768w, https:\/\/ecolesainteanne-baud.com\/wp-content\/uploads\/2026\/03\/IMG-20260322-WA0001-1536x1152.jpg 1536w, https:\/\/ecolesainteanne-baud.com\/wp-content\/uploads\/2026\/03\/IMG-20260322-WA0001.jpg 2016w\" sizes=\"auto, (max-width: 1024px) 100vw, 1024px\" \/><\/figure>\n\n\n\n<figure class=\"wp-block-gallery has-nested-images columns-default is-cropped wp-block-gallery-3 is-layout-flex wp-block-gallery-is-layout-flex\">\n<figure class=\"wp-block-image size-large\"><img loading=\"lazy\" decoding=\"async\" width=\"1024\" height=\"576\" data-id=\"3622\" src=\"https:\/\/ecolesainteanne-baud.com\/wp-content\/uploads\/2026\/03\/IMG-20260322-WA0004-1024x576.jpg\" alt=\"\" class=\"wp-image-3622\" srcset=\"https:\/\/ecolesainteanne-baud.com\/wp-content\/uploads\/2026\/03\/IMG-20260322-WA0004-1024x576.jpg 1024w, https:\/\/ecolesainteanne-baud.com\/wp-content\/uploads\/2026\/03\/IMG-20260322-WA0004-300x169.jpg 300w, https:\/\/ecolesainteanne-baud.com\/wp-content\/uploads\/2026\/03\/IMG-20260322-WA0004-768x432.jpg 768w, https:\/\/ecolesainteanne-baud.com\/wp-content\/uploads\/2026\/03\/IMG-20260322-WA0004-1536x864.jpg 1536w, https:\/\/ecolesainteanne-baud.com\/wp-content\/uploads\/2026\/03\/IMG-20260322-WA0004.jpg 2000w\" sizes=\"auto, (max-width: 1024px) 100vw, 1024px\" \/><\/figure>\n<\/figure>\n\n\n\n<figure class=\"wp-block-gallery has-nested-images columns-default is-cropped wp-block-gallery-4 is-layout-flex wp-block-gallery-is-layout-flex\">\n<figure class=\"wp-block-image size-large\"><img loading=\"lazy\" decoding=\"async\" width=\"1024\" height=\"662\" data-id=\"3620\" src=\"https:\/\/ecolesainteanne-baud.com\/wp-content\/uploads\/2026\/03\/IMG_20260319_1448323-1024x662.jpg\" alt=\"\" class=\"wp-image-3620\" srcset=\"https:\/\/ecolesainteanne-baud.com\/wp-content\/uploads\/2026\/03\/IMG_20260319_1448323-1024x662.jpg 1024w, https:\/\/ecolesainteanne-baud.com\/wp-content\/uploads\/2026\/03\/IMG_20260319_1448323-300x194.jpg 300w, https:\/\/ecolesainteanne-baud.com\/wp-content\/uploads\/2026\/03\/IMG_20260319_1448323-768x497.jpg 768w, https:\/\/ecolesainteanne-baud.com\/wp-content\/uploads\/2026\/03\/IMG_20260319_1448323-1536x994.jpg 1536w, https:\/\/ecolesainteanne-baud.com\/wp-content\/uploads\/2026\/03\/IMG_20260319_1448323-2048x1325.jpg 2048w\" sizes=\"auto, (max-width: 1024px) 100vw, 1024px\" \/><\/figure>\n<\/figure>\n\n\n\n<figure class=\"wp-block-image size-large\"><img loading=\"lazy\" decoding=\"async\" width=\"1024\" height=\"768\" src=\"https:\/\/ecolesainteanne-baud.com\/wp-content\/uploads\/2026\/03\/IMG-20260324-WA0005-1024x768.jpg\" alt=\"\" class=\"wp-image-3623\" srcset=\"https:\/\/ecolesainteanne-baud.com\/wp-content\/uploads\/2026\/03\/IMG-20260324-WA0005-1024x768.jpg 1024w, https:\/\/ecolesainteanne-baud.com\/wp-content\/uploads\/2026\/03\/IMG-20260324-WA0005-300x225.jpg 300w, https:\/\/ecolesainteanne-baud.com\/wp-content\/uploads\/2026\/03\/IMG-20260324-WA0005-768x576.jpg 768w, https:\/\/ecolesainteanne-baud.com\/wp-content\/uploads\/2026\/03\/IMG-20260324-WA0005-1536x1152.jpg 1536w, https:\/\/ecolesainteanne-baud.com\/wp-content\/uploads\/2026\/03\/IMG-20260324-WA0005.jpg 2048w\" sizes=\"auto, (max-width: 1024px) 100vw, 1024px\" \/><\/figure>\n\n\n\n<p class=\"has-text-align-center has-black-color has-text-color has-link-color has-x-large-font-size wp-elements-57b3dc1c6d83a0213194ce57985fdb01\"><strong><em>Initiation au handball<\/em><\/strong><\/p>\n\n\n\n<p class=\"has-text-align-center has-black-color has-text-color has-link-color has-medium-font-size wp-elements-7c963d398fb61e392737f74b7d0b227a\">Les \u00e9l\u00e8ves des classes primaires ont b\u00e9n\u00e9fici\u00e9 de 6 s\u00e9ances de d\u00e9couverte du handball. <\/p>\n\n\n\n<p class=\"has-text-align-center has-black-color has-text-color has-link-color has-medium-font-size wp-elements-8579ba293554bc9a8c5665ba136aa3d1\"> Ils \u00e9taient encadr\u00e9s par 2 intervenants du club Baud &#8211; Locmin\u00e9 Handball.<\/p>\n\n\n\n<figure class=\"wp-block-image size-large\"><img loading=\"lazy\" decoding=\"async\" width=\"1024\" height=\"733\" src=\"https:\/\/ecolesainteanne-baud.com\/wp-content\/uploads\/2026\/03\/CP-1024x733.jpg\" alt=\"\" class=\"wp-image-3597\" srcset=\"https:\/\/ecolesainteanne-baud.com\/wp-content\/uploads\/2026\/03\/CP-1024x733.jpg 1024w, https:\/\/ecolesainteanne-baud.com\/wp-content\/uploads\/2026\/03\/CP-300x215.jpg 300w, https:\/\/ecolesainteanne-baud.com\/wp-content\/uploads\/2026\/03\/CP-768x550.jpg 768w, https:\/\/ecolesainteanne-baud.com\/wp-content\/uploads\/2026\/03\/CP-1536x1100.jpg 1536w, https:\/\/ecolesainteanne-baud.com\/wp-content\/uploads\/2026\/03\/CP-2048x1466.jpg 2048w\" sizes=\"auto, (max-width: 1024px) 100vw, 1024px\" \/><\/figure>\n\n\n\n<figure class=\"wp-block-gallery has-nested-images columns-default is-cropped wp-block-gallery-5 is-layout-flex wp-block-gallery-is-layout-flex\">\n<figure class=\"wp-block-image size-large\"><img loading=\"lazy\" decoding=\"async\" width=\"1024\" height=\"733\" data-id=\"3596\" src=\"https:\/\/ecolesainteanne-baud.com\/wp-content\/uploads\/2026\/03\/CE1-1024x733.jpg\" alt=\"\" class=\"wp-image-3596\" srcset=\"https:\/\/ecolesainteanne-baud.com\/wp-content\/uploads\/2026\/03\/CE1-1024x733.jpg 1024w, https:\/\/ecolesainteanne-baud.com\/wp-content\/uploads\/2026\/03\/CE1-300x215.jpg 300w, https:\/\/ecolesainteanne-baud.com\/wp-content\/uploads\/2026\/03\/CE1-768x550.jpg 768w, https:\/\/ecolesainteanne-baud.com\/wp-content\/uploads\/2026\/03\/CE1-1536x1100.jpg 1536w, https:\/\/ecolesainteanne-baud.com\/wp-content\/uploads\/2026\/03\/CE1-2048x1466.jpg 2048w\" sizes=\"auto, (max-width: 1024px) 100vw, 1024px\" \/><\/figure>\n<\/figure>\n\n\n\n<figure class=\"wp-block-image size-large\"><img loading=\"lazy\" decoding=\"async\" width=\"1024\" height=\"732\" src=\"https:\/\/ecolesainteanne-baud.com\/wp-content\/uploads\/2026\/03\/CE2-CM1-1024x732.jpg\" alt=\"\" class=\"wp-image-3591\" srcset=\"https:\/\/ecolesainteanne-baud.com\/wp-content\/uploads\/2026\/03\/CE2-CM1-1024x732.jpg 1024w, https:\/\/ecolesainteanne-baud.com\/wp-content\/uploads\/2026\/03\/CE2-CM1-300x215.jpg 300w, https:\/\/ecolesainteanne-baud.com\/wp-content\/uploads\/2026\/03\/CE2-CM1-768x549.jpg 768w, https:\/\/ecolesainteanne-baud.com\/wp-content\/uploads\/2026\/03\/CE2-CM1-1536x1099.jpg 1536w, https:\/\/ecolesainteanne-baud.com\/wp-content\/uploads\/2026\/03\/CE2-CM1-2048x1465.jpg 2048w\" sizes=\"auto, (max-width: 1024px) 100vw, 1024px\" \/><\/figure>\n\n\n\n<figure class=\"wp-block-gallery has-nested-images columns-default is-cropped wp-block-gallery-6 is-layout-flex wp-block-gallery-is-layout-flex\">\n<figure class=\"wp-block-image size-large\"><img loading=\"lazy\" decoding=\"async\" width=\"1024\" height=\"732\" data-id=\"3592\" src=\"https:\/\/ecolesainteanne-baud.com\/wp-content\/uploads\/2026\/03\/CM1-CM2-1024x732.jpg\" alt=\"\" class=\"wp-image-3592\" srcset=\"https:\/\/ecolesainteanne-baud.com\/wp-content\/uploads\/2026\/03\/CM1-CM2-1024x732.jpg 1024w, https:\/\/ecolesainteanne-baud.com\/wp-content\/uploads\/2026\/03\/CM1-CM2-300x214.jpg 300w, https:\/\/ecolesainteanne-baud.com\/wp-content\/uploads\/2026\/03\/CM1-CM2-768x549.jpg 768w, https:\/\/ecolesainteanne-baud.com\/wp-content\/uploads\/2026\/03\/CM1-CM2-1536x1098.jpg 1536w, https:\/\/ecolesainteanne-baud.com\/wp-content\/uploads\/2026\/03\/CM1-CM2-2048x1464.jpg 2048w\" sizes=\"auto, (max-width: 1024px) 100vw, 1024px\" \/><\/figure>\n<\/figure>\n\n\n\n<figure class=\"wp-block-gallery has-nested-images columns-default is-cropped wp-block-gallery-7 is-layout-flex wp-block-gallery-is-layout-flex\">\n<figure class=\"wp-block-image size-large\"><img loading=\"lazy\" decoding=\"async\" width=\"1024\" height=\"732\" data-id=\"3593\" src=\"https:\/\/ecolesainteanne-baud.com\/wp-content\/uploads\/2026\/03\/CM2-1024x732.jpg\" alt=\"\" class=\"wp-image-3593\" srcset=\"https:\/\/ecolesainteanne-baud.com\/wp-content\/uploads\/2026\/03\/CM2-1024x732.jpg 1024w, https:\/\/ecolesainteanne-baud.com\/wp-content\/uploads\/2026\/03\/CM2-300x214.jpg 300w, https:\/\/ecolesainteanne-baud.com\/wp-content\/uploads\/2026\/03\/CM2-768x549.jpg 768w, https:\/\/ecolesainteanne-baud.com\/wp-content\/uploads\/2026\/03\/CM2-1536x1098.jpg 1536w, https:\/\/ecolesainteanne-baud.com\/wp-content\/uploads\/2026\/03\/CM2-2048x1464.jpg 2048w\" sizes=\"auto, (max-width: 1024px) 100vw, 1024px\" \/><\/figure>\n<\/figure>\n\n\n\n<p class=\"has-text-align-center has-white-color has-text-color has-link-color has-large-font-size wp-elements-34bc7ca39b29923df90f23cb0dbfef24\">Spectacle de marionnettes pour les maternelles<\/p>\n\n\n<div class=\"wp-block-image\">\n<figure class=\"aligncenter size-large is-resized\"><img loading=\"lazy\" decoding=\"async\" width=\"734\" height=\"1024\" src=\"https:\/\/ecolesainteanne-baud.com\/wp-content\/uploads\/2026\/02\/livre-734x1024.jpg\" alt=\"\" class=\"wp-image-3578\" style=\"aspect-ratio:0.7168046059733717;width:435px;height:auto\" srcset=\"https:\/\/ecolesainteanne-baud.com\/wp-content\/uploads\/2026\/02\/livre-734x1024.jpg 734w, https:\/\/ecolesainteanne-baud.com\/wp-content\/uploads\/2026\/02\/livre-215x300.jpg 215w, https:\/\/ecolesainteanne-baud.com\/wp-content\/uploads\/2026\/02\/livre-768x1072.jpg 768w, https:\/\/ecolesainteanne-baud.com\/wp-content\/uploads\/2026\/02\/livre-1100x1536.jpg 1100w, https:\/\/ecolesainteanne-baud.com\/wp-content\/uploads\/2026\/02\/livre.jpg 1313w\" sizes=\"auto, (max-width: 734px) 100vw, 734px\" \/><\/figure>\n<\/div>\n\n\n<p class=\"has-text-align-center\">La suite dans \u00ab\u00a0vie de classe, cycle1\u00a0\u00bb<\/p>\n\n\n\n<h2 class=\"wp-block-heading has-text-align-center\" style=\"font-size:53px\"><mark style=\"background-color:rgba(0, 0, 0, 0)\" class=\"has-inline-color has-luminous-vivid-amber-color\">Atelier cr\u00eapes<\/mark><\/h2>\n\n\n\n<figure class=\"wp-block-image size-large\"><img loading=\"lazy\" decoding=\"async\" width=\"1024\" height=\"1024\" src=\"https:\/\/ecolesainteanne-baud.com\/wp-content\/uploads\/2026\/02\/IMG-20260211-WA0002-1024x1024.jpg\" alt=\"\" class=\"wp-image-3518\" srcset=\"https:\/\/ecolesainteanne-baud.com\/wp-content\/uploads\/2026\/02\/IMG-20260211-WA0002-1024x1024.jpg 1024w, https:\/\/ecolesainteanne-baud.com\/wp-content\/uploads\/2026\/02\/IMG-20260211-WA0002-300x300.jpg 300w, https:\/\/ecolesainteanne-baud.com\/wp-content\/uploads\/2026\/02\/IMG-20260211-WA0002-150x150.jpg 150w, https:\/\/ecolesainteanne-baud.com\/wp-content\/uploads\/2026\/02\/IMG-20260211-WA0002-768x768.jpg 768w, https:\/\/ecolesainteanne-baud.com\/wp-content\/uploads\/2026\/02\/IMG-20260211-WA0002.jpg 1500w\" sizes=\"auto, (max-width: 1024px) 100vw, 1024px\" \/><\/figure>\n\n\n\n<p class=\"has-text-align-center\">La suite dans \u00ab\u00a0vie de classe, cycle1\u00a0\u00bb<\/p>\n\n\n\n<p class=\"has-text-align-center has-vivid-red-color has-text-color has-link-color has-x-large-font-size wp-elements-0914081f6374290122617f0944c2fca7\"><strong>Les go\u00fbts et les couleurs.<\/strong><\/p>\n\n\n\n<figure class=\"wp-block-image size-large\"><img loading=\"lazy\" decoding=\"async\" width=\"1024\" height=\"1024\" src=\"https:\/\/ecolesainteanne-baud.com\/wp-content\/uploads\/2025\/11\/IMG-20251102-WA0007-1024x1024.jpg\" alt=\"\" class=\"wp-image-3475\" srcset=\"https:\/\/ecolesainteanne-baud.com\/wp-content\/uploads\/2025\/11\/IMG-20251102-WA0007-1024x1024.jpg 1024w, https:\/\/ecolesainteanne-baud.com\/wp-content\/uploads\/2025\/11\/IMG-20251102-WA0007-300x300.jpg 300w, https:\/\/ecolesainteanne-baud.com\/wp-content\/uploads\/2025\/11\/IMG-20251102-WA0007-150x150.jpg 150w, https:\/\/ecolesainteanne-baud.com\/wp-content\/uploads\/2025\/11\/IMG-20251102-WA0007-768x768.jpg 768w, https:\/\/ecolesainteanne-baud.com\/wp-content\/uploads\/2025\/11\/IMG-20251102-WA0007.jpg 1500w\" sizes=\"auto, (max-width: 1024px) 100vw, 1024px\" \/><\/figure>\n\n\n\n<p class=\"has-text-align-center\">La suite dans \u00ab\u00a0vie de classe, cycle1\u00a0\u00bb<\/p>\n\n\n\n<p class=\"has-text-align-center has-medium-font-size\"><strong>LES CP ET CE1 A L&rsquo;ECOLE DE BOTHOA<\/strong><\/p>\n\n\n\n<figure class=\"wp-block-gallery has-nested-images columns-default is-cropped wp-block-gallery-8 is-layout-flex wp-block-gallery-is-layout-flex\">\n<figure class=\"wp-block-image size-large\"><img loading=\"lazy\" decoding=\"async\" width=\"904\" height=\"516\" data-id=\"3412\" src=\"https:\/\/ecolesainteanne-baud.com\/wp-content\/uploads\/2025\/10\/cp.jpg\" alt=\"\" class=\"wp-image-3412\" srcset=\"https:\/\/ecolesainteanne-baud.com\/wp-content\/uploads\/2025\/10\/cp.jpg 904w, https:\/\/ecolesainteanne-baud.com\/wp-content\/uploads\/2025\/10\/cp-300x171.jpg 300w, https:\/\/ecolesainteanne-baud.com\/wp-content\/uploads\/2025\/10\/cp-768x438.jpg 768w\" sizes=\"auto, (max-width: 904px) 100vw, 904px\" \/><\/figure>\n<\/figure>\n\n\n\n<p><\/p>\n\n\n\n<figure class=\"wp-block-image size-full\"><img loading=\"lazy\" decoding=\"async\" width=\"854\" height=\"653\" src=\"https:\/\/ecolesainteanne-baud.com\/wp-content\/uploads\/2025\/10\/classe.jpg\" alt=\"\" class=\"wp-image-3413\" srcset=\"https:\/\/ecolesainteanne-baud.com\/wp-content\/uploads\/2025\/10\/classe.jpg 854w, https:\/\/ecolesainteanne-baud.com\/wp-content\/uploads\/2025\/10\/classe-300x229.jpg 300w, https:\/\/ecolesainteanne-baud.com\/wp-content\/uploads\/2025\/10\/classe-768x587.jpg 768w\" sizes=\"auto, (max-width: 854px) 100vw, 854px\" \/><\/figure>\n\n\n\n<p class=\"has-text-align-center\">La suite dans \u00ab\u00a0vie des classes, cycle 2\u00a0\u00bb<\/p>\n\n\n\n<h2 class=\"wp-block-heading\">C&rsquo;est la Rentr\u00e9e ! Tous en Sc\u00e8ne !<\/h2>\n\n\n\n<figure class=\"wp-block-image size-large\"><img loading=\"lazy\" decoding=\"async\" width=\"576\" height=\"1024\" src=\"https:\/\/ecolesainteanne-baud.com\/wp-content\/uploads\/2025\/08\/Affiche-Rentree-2025-576x1024.jpg\" alt=\"\" class=\"wp-image-3396\" srcset=\"https:\/\/ecolesainteanne-baud.com\/wp-content\/uploads\/2025\/08\/Affiche-Rentree-2025-576x1024.jpg 576w, https:\/\/ecolesainteanne-baud.com\/wp-content\/uploads\/2025\/08\/Affiche-Rentree-2025-169x300.jpg 169w, https:\/\/ecolesainteanne-baud.com\/wp-content\/uploads\/2025\/08\/Affiche-Rentree-2025-768x1365.jpg 768w, https:\/\/ecolesainteanne-baud.com\/wp-content\/uploads\/2025\/08\/Affiche-Rentree-2025-864x1536.jpg 864w, https:\/\/ecolesainteanne-baud.com\/wp-content\/uploads\/2025\/08\/Affiche-Rentree-2025.jpg 1080w\" sizes=\"auto, (max-width: 576px) 100vw, 576px\" \/><\/figure>\n\n\n\n<h2 class=\"wp-block-heading\"><\/h2>\n\n\n\n<h2 class=\"wp-block-heading\"><\/h2>\n\n\n\n<h2 class=\"wp-block-heading\"><\/h2>\n\n\n\n<h2 class=\"wp-block-heading\"><\/h2>\n\n\n\n<h2 class=\"wp-block-heading\"><\/h2>\n\n\n\n<h2 class=\"wp-block-heading\"><\/h2>\n\n\n\n<h2 class=\"wp-block-heading\"><\/h2>\n\n\n\n<h2 class=\"wp-block-heading\"><\/h2>\n\n\n\n<h2 class=\"wp-block-heading\"><\/h2>\n\n\n\n<p><\/p>\n\n\n\n<p><\/p>\n","protected":false},"excerpt":{"rendered":"<p>Bienvenue sur le site de l&rsquo;\u00e9cole Sainte Anne de Baud ! Vive le Carnaval !!! PORTES OUVERTES &#8211; Vendredi 3 avril 2026 de 16h45 \u00e0 19h Semaine de ski \u00e0 Manigod pour les CM1 et CM2 du 22 au 28 mars 2026 La semaine du jardinage Initiation au handball Les \u00e9l\u00e8ves des classes primaires ont [&hellip;]<\/p>\n","protected":false},"author":1,"featured_media":0,"parent":0,"menu_order":0,"comment_status":"closed","ping_status":"closed","template":"","meta":{"footnotes":""},"class_list":["post-41","page","type-page","status-publish","hentry","entry"],"_links":{"self":[{"href":"https:\/\/ecolesainteanne-baud.com\/index.php\/wp-json\/wp\/v2\/pages\/41","targetHints":{"allow":["GET"]}}],"collection":[{"href":"https:\/\/ecolesainteanne-baud.com\/index.php\/wp-json\/wp\/v2\/pages"}],"about":[{"href":"https:\/\/ecolesainteanne-baud.com\/index.php\/wp-json\/wp\/v2\/types\/page"}],"author":[{"embeddable":true,"href":"https:\/\/ecolesainteanne-baud.com\/index.php\/wp-json\/wp\/v2\/users\/1"}],"replies":[{"embeddable":true,"href":"https:\/\/ecolesainteanne-baud.com\/index.php\/wp-json\/wp\/v2\/comments?post=41"}],"version-history":[{"count":131,"href":"https:\/\/ecolesainteanne-baud.com\/index.php\/wp-json\/wp\/v2\/pages\/41\/revisions"}],"predecessor-version":[{"id":3672,"href":"https:\/\/ecolesainteanne-baud.com\/index.php\/wp-json\/wp\/v2\/pages\/41\/revisions\/3672"}],"wp:attachment":[{"href":"https:\/\/ecolesainteanne-baud.com\/index.php\/wp-json\/wp\/v2\/media?parent=41"}],"curies":[{"name":"wp","href":"https:\/\/api.w.org\/{rel}","templated":true}]}}