{"id":110,"date":"2020-11-16T16:50:28","date_gmt":"2020-11-16T15:50:28","guid":{"rendered":"http:\/\/ecolesainteanne-baud.com\/?page_id=110"},"modified":"2025-08-19T15:00:24","modified_gmt":"2025-08-19T13:00:24","slug":"informations-pratiques","status":"publish","type":"page","link":"https:\/\/ecolesainteanne-baud.com\/index.php\/informations-pratiques\/","title":{"rendered":"Informations pratiques"},"content":{"rendered":"\n<p class=\"has-black-color has-pale-pink-background-color has-text-color has-background\"><strong>Horaires de l&rsquo;\u00e9cole<\/strong> : lundi-mardi-jeudi-vendredi<\/p>\n\n\n\n<div class=\"wp-block-group\"><div class=\"wp-block-group__inner-container is-layout-flow wp-block-group-is-layout-flow\">\n<p>Ouverture de la <strong>garderie<\/strong> : 7h00             fermeture le soir : 19h00<\/p>\n\n\n\n<div class=\"wp-block-group\"><div class=\"wp-block-group__inner-container is-layout-flow wp-block-group-is-layout-flow\">\n<p>horaires des <strong>classes<\/strong> :    *matin : 8h55-12h00           apr\u00e8s-midi : 13h20-16h30 <\/p>\n\n\n\n<p>*<em>accueil dans les classes \u00e0 partir de 8h45<\/em><\/p>\n<\/div><\/div>\n<\/div><\/div>\n\n\n\n<p class=\"has-pale-pink-background-color has-background\">    <strong>Services p\u00e9riscolaires<\/strong> <strong>sur site<\/strong><\/p>\n\n\n\n<div class=\"wp-block-group\"><div class=\"wp-block-group__inner-container is-layout-flow wp-block-group-is-layout-flow\">\n<p><strong>Cantine<\/strong>  : restauration sur site , partenaire CONVIVIO , inscription le jour m\u00eame <\/p>\n\n\n\n<p><strong>Garderie <\/strong>:   sans inscription, selon les besoins<\/p>\n\n\n\n<p>1 garderie commune le matin &#8211; 2 garderies  (\u00e9l\u00e9mentaire + maternelle) le soir<\/p>\n<\/div><\/div>\n\n\n\n<p class=\"has-cyan-bluish-gray-background-color has-background\"><em><strong>Pas d&rsquo;\u00e9cole le mercredi ; pour un accueil en collectivit\u00e9, voir le centre de loisirs , inscription Service Enfance et Jeunesse en mairie<\/strong>     <\/em><\/p>\n","protected":false},"excerpt":{"rendered":"<p>Horaires de l&rsquo;\u00e9cole : lundi-mardi-jeudi-vendredi Ouverture de la garderie : 7h00 fermeture le soir : 19h00 horaires des classes : *matin : 8h55-12h00 apr\u00e8s-midi : 13h20-16h30 *accueil dans les classes \u00e0 partir de 8h45 Services p\u00e9riscolaires sur site Cantine : restauration sur site , partenaire CONVIVIO , inscription le jour m\u00eame Garderie : sans inscription, [&hellip;]<\/p>\n","protected":false},"author":1,"featured_media":0,"parent":0,"menu_order":0,"comment_status":"closed","ping_status":"closed","template":"","meta":{"footnotes":""},"class_list":["post-110","page","type-page","status-publish","hentry","entry"],"_links":{"self":[{"href":"https:\/\/ecolesainteanne-baud.com\/index.php\/wp-json\/wp\/v2\/pages\/110","targetHints":{"allow":["GET"]}}],"collection":[{"href":"https:\/\/ecolesainteanne-baud.com\/index.php\/wp-json\/wp\/v2\/pages"}],"about":[{"href":"https:\/\/ecolesainteanne-baud.com\/index.php\/wp-json\/wp\/v2\/types\/page"}],"author":[{"embeddable":true,"href":"https:\/\/ecolesainteanne-baud.com\/index.php\/wp-json\/wp\/v2\/users\/1"}],"replies":[{"embeddable":true,"href":"https:\/\/ecolesainteanne-baud.com\/index.php\/wp-json\/wp\/v2\/comments?post=110"}],"version-history":[{"count":5,"href":"https:\/\/ecolesainteanne-baud.com\/index.php\/wp-json\/wp\/v2\/pages\/110\/revisions"}],"predecessor-version":[{"id":3391,"href":"https:\/\/ecolesainteanne-baud.com\/index.php\/wp-json\/wp\/v2\/pages\/110\/revisions\/3391"}],"wp:attachment":[{"href":"https:\/\/ecolesainteanne-baud.com\/index.php\/wp-json\/wp\/v2\/media?parent=110"}],"curies":[{"name":"wp","href":"https:\/\/api.w.org\/{rel}","templated":true}]}}